{"id":5,"date":"2016-05-10T03:48:21","date_gmt":"2016-05-10T03:48:21","guid":{"rendered":"http:\/\/cooltrade.planeetta.com\/?page_id=2"},"modified":"2020-09-07T13:04:53","modified_gmt":"2020-09-07T10:04:53","slug":"sample-page","status":"publish","type":"page","link":"https:\/\/www.cooltrade.fi\/index.php\/sample-page\/","title":{"rendered":"Tuotannon tehokas hy\u00f6dynt\u00e4minen on ymp\u00e4rist\u00f6teko"},"content":{"rendered":"<div id=\"pg-5-0\"  class=\"panel-grid\" ><div class=\"panel-grid-core\"><div id=\"pgc-5-0-0\"  class=\"panel-grid-cell  \" ><div class=\"panel-widget-style\" ><h3 style=\"font-style: normal;\"><span>Tavoitteenamme on tuottaa monipuolisia, laadukkaita CoolLine\u00ae-tuotteita hy\u00f6dynt\u00e4m\u00e4ll\u00e4 Suomessa ja maailmalla olevaa vapaata lamellipatterikapasiteettia solmimalla valmistussopimuksia laadukkaiden laitevalmistajien kanssa.<\/span><\/h3><\/div><div class=\"panel-widget-style\" >\t\t\t<div class=\"textwidget\"><p>T\u00e4m\u00e4 toimintamalli antaa mahdollisuuden k\u00e4ytt\u00e4\u00e4 monipuolisia tuoteratkaisuja ja optimoituja l\u00e4mm\u00f6nsiirrinrakenteita.<\/p>\n<p>CooLine\u00ae-tuotteiden valmistajien laajat lamellirakenne- ja puhallinvaihtoehdot laatuj\u00e4rjestelmineen sek\u00e4 asiakkaidemme tarpeiden tarkka tunteminen mahdollistavat sen, ett\u00e4 pystymme toimittamaan asiakkaallemme aina kohteeseen parhaiten soveltuvan ja energiatehokkaimman laiteratkaisun.<\/p>\n<p>Kaikki t\u00e4m\u00e4 yhdistettyn\u00e4 tarkkaan loppudokumentaatioon takaavat asiakkaalle turvallisen sek\u00e4 ymp\u00e4rist\u00f6vaatimukset t\u00e4ytt\u00e4v\u00e4n toteutuksen ja k\u00e4ytt\u00f6varmuuden vuosiksi eteenp\u00e4in.<\/p>\n<\/div>\n\t\t<\/div><\/div><div id=\"pgc-5-0-1\"  class=\"panel-grid-cell\" ><div class=\"panel-widget-style\" style=\"text-align: right !important;\" >\t\t\t<div class=\"textwidget\"><h2><em>&#8221;Energiatehokkaiden tuotteiden kehitt\u00e4minen on haaste,<br \/>\njohon panostamme tulevaisuudessa yh\u00e4 voimakkaammin.&#8221;<\/em><\/h2>\n<\/div>\n\t\t<\/div><\/div><\/div><\/div>","protected":false},"excerpt":{"rendered":"<p>T\u00e4m\u00e4 toimintamalli antaa mahdollisuuden k\u00e4ytt\u00e4\u00e4 monipuolisia tuoteratkaisuja ja optimoituja l\u00e4mm\u00f6nsiirrinrakenteita. CooLine\u00ae-tuotteiden valmistajien laajat lamellirakenne- ja puhallinvaihtoehdot laatuj\u00e4rjestelmineen sek\u00e4 asiakkaidemme tarpeiden tarkka tunteminen mahdollistavat sen, ett\u00e4 pystymme toimittamaan asiakkaallemme aina kohteeseen parhaiten soveltuvan ja energiatehokkaimman laiteratkaisun. Kaikki t\u00e4m\u00e4 yhdistettyn\u00e4 tarkkaan loppudokumentaatioon takaavat asiakkaalle turvallisen sek\u00e4 ymp\u00e4rist\u00f6vaatimukset t\u00e4ytt\u00e4v\u00e4n toteutuksen ja k\u00e4ytt\u00f6varmuuden vuosiksi eteenp\u00e4in. &#8221;Energiatehokkaiden tuotteiden kehitt\u00e4minen on&hellip;<\/p>\n<p class=\"more-link\"><a href=\"https:\/\/www.cooltrade.fi\/index.php\/sample-page\/\" class=\"themebutton3\">Read More<\/a><\/p>\n","protected":false},"author":1,"featured_media":0,"parent":0,"menu_order":0,"comment_status":"closed","ping_status":"open","template":"","meta":[],"categories":[],"tags":[],"_links":{"self":[{"href":"https:\/\/www.cooltrade.fi\/index.php\/wp-json\/wp\/v2\/pages\/5"}],"collection":[{"href":"https:\/\/www.cooltrade.fi\/index.php\/wp-json\/wp\/v2\/pages"}],"about":[{"href":"https:\/\/www.cooltrade.fi\/index.php\/wp-json\/wp\/v2\/types\/page"}],"author":[{"embeddable":true,"href":"https:\/\/www.cooltrade.fi\/index.php\/wp-json\/wp\/v2\/users\/1"}],"replies":[{"embeddable":true,"href":"https:\/\/www.cooltrade.fi\/index.php\/wp-json\/wp\/v2\/comments?post=5"}],"version-history":[{"count":12,"href":"https:\/\/www.cooltrade.fi\/index.php\/wp-json\/wp\/v2\/pages\/5\/revisions"}],"predecessor-version":[{"id":469,"href":"https:\/\/www.cooltrade.fi\/index.php\/wp-json\/wp\/v2\/pages\/5\/revisions\/469"}],"wp:attachment":[{"href":"https:\/\/www.cooltrade.fi\/index.php\/wp-json\/wp\/v2\/media?parent=5"}],"wp:term":[{"taxonomy":"category","embeddable":true,"href":"https:\/\/www.cooltrade.fi\/index.php\/wp-json\/wp\/v2\/categories?post=5"},{"taxonomy":"post_tag","embeddable":true,"href":"https:\/\/www.cooltrade.fi\/index.php\/wp-json\/wp\/v2\/tags?post=5"}],"curies":[{"name":"wp","href":"https:\/\/api.w.org\/{rel}","templated":true}]}}