{"id":33,"date":"2017-08-15T10:35:33","date_gmt":"2017-08-15T10:35:33","guid":{"rendered":"http:\/\/cooltrade.planeetta.com\/?page_id=33"},"modified":"2020-09-07T13:04:53","modified_gmt":"2020-09-07T10:04:53","slug":"coolline-muut-lamellituotteet","status":"publish","type":"page","link":"https:\/\/www.cooltrade.fi\/index.php\/coolline-tuotteet\/coolline-muut-lamellituotteet\/","title":{"rendered":"Muut lamellituotteet"},"content":{"rendered":"<div id=\"pg-33-0\"  class=\"panel-grid\" ><div class=\"panel-grid-core\"><div id=\"pgc-33-0-0\"  class=\"panel-grid-cell \" ><div class=\"panel-widget-style\" >\t\t\t<div class=\"textwidget\"><h3>Myymme ja markkinoimme my\u00f6s teollisuuden ja ilmastoinnin l\u00e4mmitys- ja j\u00e4\u00e4hdytyslamellipattereita.<\/h3>\n<p>Lamellipattereita on saatavana eri pinnotteilla sek\u00e4 putki- ja lamellimateriaaleilla, jotka soveltuvat vaativiinkin olosuhteisiin.<\/p>\n<\/div>\n\t\t<\/div><\/div><div id=\"pgc-33-0-1\"  class=\"panel-grid-cell \" ><div class=\"panel-widget-style\" ><p><img src=\"https:\/\/www.cooltrade.fi\/wp-content\/uploads\/2017\/12\/Lamellipatteri-Leel-Coils-570x285.jpg\" alt=\"Lamellipatteri Leel Coils\" \/ ><\/p><\/div><\/div><\/div><\/div><div id=\"pg-33-1\"  class=\"panel-grid\" ><div class=\"panel-grid-core\"><div id=\"pgc-33-1-0\"  class=\"panel-grid-cell \" ><div class=\"panel-widget-style\" ><p><img src=\"https:\/\/www.cooltrade.fi\/wp-content\/uploads\/2017\/12\/Lamellipatteri-LeelCoils-570x380.jpg\" alt=\"Lamellipatteri LeelCoils 1\" \/ ><\/p><\/div><\/div><div id=\"pgc-33-1-1\"  class=\"panel-grid-cell \" ><div class=\"panel-widget-style\" ><p><img src=\"https:\/\/www.cooltrade.fi\/wp-content\/uploads\/2017\/12\/Lamellipatteri-LeelCoils-2-570x380.jpg\" alt=\"Lamellipatteri LeelCoils 2\" \/ ><\/p><\/div><\/div><div id=\"pgc-33-1-2\"  class=\"panel-grid-cell\" ><div class=\"panel-widget-style\" ><p><img src=\"https:\/\/www.cooltrade.fi\/wp-content\/uploads\/2017\/12\/Lamellipatteri-LeelCoils-3-570x380.jpg\" alt=\"L\u00e4mm\u00f6nvaihtimen patteri, joka on k\u00e4sitelty Leel Coilsin LCE-pinnoitteella. LCE-pinnoite suojaa pattereita korroosiolta, homeelta ja bakteereilta.\" \/ ><\/p><\/div><\/div><\/div><\/div>","protected":false},"excerpt":{"rendered":"<p>Myymme ja markkinoimme my\u00f6s teollisuuden ja ilmastoinnin l\u00e4mmitys- ja j\u00e4\u00e4hdytyslamellipattereita. Lamellipattereita on saatavana eri pinnotteilla sek\u00e4 putki- ja lamellimateriaaleilla, jotka soveltuvat vaativiinkin olosuhteisiin.<\/p>\n","protected":false},"author":1,"featured_media":0,"parent":23,"menu_order":0,"comment_status":"closed","ping_status":"closed","template":"","meta":[],"categories":[],"tags":[],"_links":{"self":[{"href":"https:\/\/www.cooltrade.fi\/index.php\/wp-json\/wp\/v2\/pages\/33"}],"collection":[{"href":"https:\/\/www.cooltrade.fi\/index.php\/wp-json\/wp\/v2\/pages"}],"about":[{"href":"https:\/\/www.cooltrade.fi\/index.php\/wp-json\/wp\/v2\/types\/page"}],"author":[{"embeddable":true,"href":"https:\/\/www.cooltrade.fi\/index.php\/wp-json\/wp\/v2\/users\/1"}],"replies":[{"embeddable":true,"href":"https:\/\/www.cooltrade.fi\/index.php\/wp-json\/wp\/v2\/comments?post=33"}],"version-history":[{"count":11,"href":"https:\/\/www.cooltrade.fi\/index.php\/wp-json\/wp\/v2\/pages\/33\/revisions"}],"predecessor-version":[{"id":497,"href":"https:\/\/www.cooltrade.fi\/index.php\/wp-json\/wp\/v2\/pages\/33\/revisions\/497"}],"up":[{"embeddable":true,"href":"https:\/\/www.cooltrade.fi\/index.php\/wp-json\/wp\/v2\/pages\/23"}],"wp:attachment":[{"href":"https:\/\/www.cooltrade.fi\/index.php\/wp-json\/wp\/v2\/media?parent=33"}],"wp:term":[{"taxonomy":"category","embeddable":true,"href":"https:\/\/www.cooltrade.fi\/index.php\/wp-json\/wp\/v2\/categories?post=33"},{"taxonomy":"post_tag","embeddable":true,"href":"https:\/\/www.cooltrade.fi\/index.php\/wp-json\/wp\/v2\/tags?post=33"}],"curies":[{"name":"wp","href":"https:\/\/api.w.org\/{rel}","templated":true}]}}