{"id":313,"date":"2020-09-01T08:47:56","date_gmt":"2020-09-01T05:47:56","guid":{"rendered":"http:\/\/uusi.cooltrade.fi\/?page_id=313"},"modified":"2020-09-23T11:18:29","modified_gmt":"2020-09-23T08:18:29","slug":"levylammonvaihtimet","status":"publish","type":"page","link":"https:\/\/www.cooltrade.fi\/index.php\/coolline-tuotteet\/levylammonvaihtimet\/","title":{"rendered":"Levyl\u00e4mm\u00f6nvaihtimet"},"content":{"rendered":"<div id=\"pg-313-0\"  class=\"panel-grid\" ><div class=\"panel-grid-core\"><div id=\"pgc-313-0-0\"  class=\"panel-grid-cell \" ><div class=\"panel-widget-style\" style=\"background: url(&quot;false&quot;) !important; background-position: left top !important; background-repeat: repeat !important; background-size: auto !important; background-attachment: scroll !important;\" ><h1 style=\"font-style: normal;\"><span>CoolLine-levyl\u00e4mm\u00f6nvaihtimet<\/span><\/h1><\/div><\/div><\/div><\/div><div id=\"pg-313-1\"  class=\"panel-grid\" ><div class=\"panel-grid-core\"><div id=\"pgc-313-1-0\"  class=\"panel-grid-cell \" ><div class=\"panel-widget-style\" style=\"background: url(&quot;false&quot;) !important; background-position: left top !important; background-repeat: repeat !important; background-size: auto !important; background-attachment: scroll !important;\" >\t\t\t<div class=\"textwidget\"><p>Tuotevalikoimamme kattaa maailman johtavan suunnittelijan ja valmistajan Kelvionin laajan levyl\u00e4mm\u00f6nvaihdinvalikoiman. Tiivistettyjen, juotettujen sek\u00e4 t\u00e4ysin hitsattujen levyl\u00e4mm\u00f6nvaihtimien sarjojen lis\u00e4ksi tuotevalikoimasta l\u00f6ytyy ainutlaatuisia prosesseille optimoituja malleja, joilla on omat erityistoimintonsa.<\/p>\n<\/div>\n\t\t<\/div><\/div><div id=\"pgc-313-1-1\"  class=\"panel-grid-cell \" ><div class=\"panel-widget-style\" ><p><img src=\"https:\/\/www.cooltrade.fi\/wp-content\/uploads\/Kelvion-Gasketed-PHE-PosLoc-1180x760px.jpg\" alt=\"Kelvion-Gasketed-PHE-PosLoc\" \/ ><\/p><\/div><\/div><\/div><\/div><div id=\"pg-313-2\"  class=\"panel-grid\" ><div class=\"panel-grid-core\"><div id=\"pgc-313-2-0\"  class=\"panel-grid-cell \" ><div class=\"panel-widget-style\" ><p><img src=\"https:\/\/www.cooltrade.fi\/wp-content\/uploads\/PPR_PHE_BrazedPHE_GBS_186.jpg\" alt=\"Levyl\u00e4mm\u00f6nvaihdin\" \/ ><\/p><\/div><\/div><div id=\"pgc-313-2-1\"  class=\"panel-grid-cell \" ><div class=\"panel-widget-style\" ><p><img src=\"https:\/\/www.cooltrade.fi\/wp-content\/uploads\/2020\/09\/PPR_PHE_BrazedPHE_GBH-HP_185-2.jpg\" alt=\"Levyl\u00e4mm\u00f6nvaihdin\" \/ ><\/p><\/div><\/div><div id=\"pgc-313-2-2\"  class=\"panel-grid-cell \" ><div class=\"panel-widget-style\" ><p><img src=\"https:\/\/www.cooltrade.fi\/wp-content\/uploads\/2020\/09\/PPR_PHE_GasketedPHE_LWCSeries.jpg\" alt=\"Levyl\u00e4mm\u00f6nvaihdin\" \/ ><\/p><\/div><\/div><\/div><\/div><div id=\"pg-313-3\"  class=\"panel-grid\" ><div class=\"panel-grid-core\"><div id=\"pgc-313-3-0\"  class=\"panel-grid-cell \" ><div class=\"panel-widget-style\" >\t\t\t<div class=\"textwidget\"><p>Kaupan kylm\u00e4\u00e4n sopivia levyl\u00e4mm\u00f6nvaihtimia ovat juotetut ja tiivisteelliset levyl\u00e4mm\u00f6nvaihdinsarjat, joita monia l\u00f6ytyy nopealla toimitusajalla.<\/p>\n<p><strong>Juotettu GBH-HP sarja CO2:lle<\/strong><br \/>\n\u2022 Paineenkesto jopa 140bar<br \/>\n\u2022 Kiinte\u00e4 runkorakenne<br \/>\n\u2022 Alhaiset investointikustannukset<br \/>\n\u2022 Pitk\u00e4 k\u00e4ytt\u00f6ik\u00e4<\/p>\n<\/div>\n\t\t<\/div><\/div><div id=\"pgc-313-3-1\"  class=\"panel-grid-cell \" ><div class=\"panel-widget-style\" >\t\t\t<div class=\"textwidget\"><p><strong>Tiivisteellinen LWC-sarja NH3:lle<\/strong><br \/>\n\u2022 Helppo asentaa, hoitaa ja huoltaa<br \/>\n\u2022 Laserhitsatut kasetit takaavat prosessin parhaan luotettavuuden my\u00f6s aggressiivisilla kylm\u00e4aineilla<\/p>\n<\/div>\n\t\t<\/div><\/div><\/div><\/div>","protected":false},"excerpt":{"rendered":"<p>Tuotevalikoimamme kattaa maailman johtavan suunnittelijan ja valmistajan Kelvionin laajan levyl\u00e4mm\u00f6nvaihdinvalikoiman. Tiivistettyjen, juotettujen sek\u00e4 t\u00e4ysin hitsattujen levyl\u00e4mm\u00f6nvaihtimien sarjojen lis\u00e4ksi tuotevalikoimasta l\u00f6ytyy ainutlaatuisia prosesseille optimoituja malleja, joilla on omat erityistoimintonsa.<\/p>\n","protected":false},"author":1,"featured_media":0,"parent":23,"menu_order":0,"comment_status":"closed","ping_status":"closed","template":"","meta":[],"categories":[],"tags":[],"_links":{"self":[{"href":"https:\/\/www.cooltrade.fi\/index.php\/wp-json\/wp\/v2\/pages\/313"}],"collection":[{"href":"https:\/\/www.cooltrade.fi\/index.php\/wp-json\/wp\/v2\/pages"}],"about":[{"href":"https:\/\/www.cooltrade.fi\/index.php\/wp-json\/wp\/v2\/types\/page"}],"author":[{"embeddable":true,"href":"https:\/\/www.cooltrade.fi\/index.php\/wp-json\/wp\/v2\/users\/1"}],"replies":[{"embeddable":true,"href":"https:\/\/www.cooltrade.fi\/index.php\/wp-json\/wp\/v2\/comments?post=313"}],"version-history":[{"count":26,"href":"https:\/\/www.cooltrade.fi\/index.php\/wp-json\/wp\/v2\/pages\/313\/revisions"}],"predecessor-version":[{"id":574,"href":"https:\/\/www.cooltrade.fi\/index.php\/wp-json\/wp\/v2\/pages\/313\/revisions\/574"}],"up":[{"embeddable":true,"href":"https:\/\/www.cooltrade.fi\/index.php\/wp-json\/wp\/v2\/pages\/23"}],"wp:attachment":[{"href":"https:\/\/www.cooltrade.fi\/index.php\/wp-json\/wp\/v2\/media?parent=313"}],"wp:term":[{"taxonomy":"category","embeddable":true,"href":"https:\/\/www.cooltrade.fi\/index.php\/wp-json\/wp\/v2\/categories?post=313"},{"taxonomy":"post_tag","embeddable":true,"href":"https:\/\/www.cooltrade.fi\/index.php\/wp-json\/wp\/v2\/tags?post=313"}],"curies":[{"name":"wp","href":"https:\/\/api.w.org\/{rel}","templated":true}]}}