{"id":29,"date":"2017-08-15T10:33:57","date_gmt":"2017-08-15T10:33:57","guid":{"rendered":"http:\/\/cooltrade.planeetta.com\/?page_id=29"},"modified":"2020-09-10T10:26:46","modified_gmt":"2020-09-10T07:26:46","slug":"coolline-nestejaahdyttimet-ja-lauhduttimet","status":"publish","type":"page","link":"https:\/\/www.cooltrade.fi\/index.php\/coolline-tuotteet\/coolline-nestejaahdyttimet-ja-lauhduttimet\/","title":{"rendered":"Nestej\u00e4\u00e4hdyttimet ja lauhduttimet"},"content":{"rendered":"<div id=\"pg-29-0\"  class=\"panel-grid\" ><div class=\"panel-grid-core\"><div id=\"pgc-29-0-0\"  class=\"panel-grid-cell \" ><div class=\"panel-widget-style\" ><h1 style=\"font-style: normal;\"><span>CoolLine-nestej\u00e4\u00e4hdyttimet ja -lauhduttimet<\/span><\/h1><\/div><\/div><\/div><\/div><div id=\"pg-29-1\"  class=\"panel-grid\" ><div class=\"panel-grid-core\"><div id=\"pgc-29-1-0\"  class=\"panel-grid-cell \" ><div class=\"panel-widget-style\" style=\"background: url(&quot;false&quot;) !important; background-position: left top !important; background-repeat: repeat !important; background-size: auto !important; background-attachment: scroll !important;\" >\t\t\t<div class=\"textwidget\"><h3>CoolLine-nestej\u00e4\u00e4hdyttimet ja -lauhduttimet edustavat alan kovinta k\u00e4rke\u00e4. Ne soveltuvat sek\u00e4 kaupan ett\u00e4 teollisuuden j\u00e4rjestelmiin sek\u00e4 erilaisten ja erikokoisten rakennusten j\u00e4\u00e4hdytt\u00e4miseen.<\/h3>\n<p>Suunnittelemme ja mitoitamme nestej\u00e4\u00e4hdytinratkaisut aina asiakkaan tarpeiden ja toiveiden mukaan kohteen k\u00e4ytt\u00f6tavat ja tilaratkaisut huomioiden. T\u00e4ll\u00f6in p\u00e4\u00e4st\u00e4\u00e4n mahdollisimman toimivaan ja kustannustehokkaaseen lopputulokseen ja v\u00e4ltyt\u00e4\u00e4n v\u00e4\u00e4rien laitevalintojen aiheuttamilta ongelmilta.<\/p>\n<\/div>\n\t\t<\/div><\/div><div id=\"pgc-29-1-1\"  class=\"panel-grid-cell \" ><div class=\"panel-widget-style\" ><p><img src=\"https:\/\/www.cooltrade.fi\/wp-content\/uploads\/2017\/12\/Nestejaahdytin-Vantaan-Energia-scaled.jpg\" alt=\"CoolLine-nestej\u00e4\u00e4hdytin Vantaan Energian j\u00e4tteenpolttolaitoksen katolla. Erikoismalli, jossa mm. rosterikuori ja rosteriputket.\" \/ ><\/p><\/div><\/div><\/div><\/div><div id=\"pg-29-2\"  class=\"panel-grid\" ><div class=\"panel-grid-core\"><div id=\"pgc-29-2-0\"  class=\"panel-grid-cell \" ><div class=\"panel-widget-style\" ><p><img src=\"https:\/\/www.cooltrade.fi\/wp-content\/uploads\/2017\/12\/CoolLine-nestejaahdytin-Vantaan-Energia-2-380x254.jpg\" alt=\"\" \/ ><\/p><\/div><\/div><div id=\"pgc-29-2-1\"  class=\"panel-grid-cell \" ><div class=\"panel-widget-style\" ><p><img src=\"https:\/\/www.cooltrade.fi\/wp-content\/uploads\/2017\/12\/Kartanonkosken-tekojaarata-380x254.jpg\" alt=\"Cooltraden CoolLine-nestej\u00e4\u00e4hdytin Kartanonkosken tekoj\u00e4\u00e4radalla pit\u00e4\u00e4 tekoj\u00e4\u00e4n luistelukunnossa talvikaudella.\" \/ ><\/p><\/div><\/div><div id=\"pgc-29-2-2\"  class=\"panel-grid-cell \" ><div class=\"panel-widget-style\" ><p><img src=\"https:\/\/www.cooltrade.fi\/wp-content\/uploads\/2017\/12\/CoolLine-Nestejaahdytin-Valio-Herajoki-380x254.jpg\" alt=\"V-mallista CoolLine-nestej\u00e4\u00e4hdytint\u00e4 ollaan nostamassa paikalleen Valion Herajoen v\u00e4lipalatehtaan katolle. Kymmenen toimitettua nestej\u00e4\u00e4hdytint\u00e4 ovat yhteisteholtaan 7,7 MV.\" \/ ><\/p><\/div><\/div><\/div><\/div><div id=\"pg-29-3\"  class=\"panel-grid\" ><div class=\"panel-grid-core\"><div id=\"pgc-29-3-0\"  class=\"panel-grid-cell \" ><div class=\"panel-widget-style\" ><p><strong>TEKNISI\u00c4 TIETOJA<\/strong><\/p><p><span style=\"font-size: 10pt;\"><strong>Putket<\/strong><br \/>\u2022 kupari, ruostumaton tai haponkest\u00e4v\u00e4 ter\u00e4s<\/span><\/p><p><span style=\"font-size: 10pt;\"><strong>Lamelliosat<\/strong><br \/>\u2022 materiaaleina: alumiini, AlMg 2,5, epoksik\u00e4sitelty alumiini, kupari, ruostumaton ter\u00e4s<br \/>\u2022 monta eri lamelliv\u00e4livaihtoehtoa<br \/>\u2022 erilaisia lamellirakenteita<\/span><\/p><p><span style=\"font-size: 10pt;\"><strong>Kuori<\/strong><br \/>\u2022 pulverimaalattua alumiinia<br \/>\u2022 saatavilla my\u00f6s ruostumattomasta ter\u00e4ksest\u00e4<\/span><\/p><p><span style=\"font-size: 10pt;\"><strong>Puhaltimet<\/strong><br \/>\u2022 AC-puhaltimet tai energiatehokkaat ja hiljaiset EC-puhaltimet<br \/>\u2022 korkean l\u00e4mp\u00f6tilan puhaltimet<br \/>\u2022 puhallinverkko mahdollista saada ruostumattomasta ter\u00e4ksest\u00e4<\/span><\/p><\/div><\/div><div id=\"pgc-29-3-1\"  class=\"panel-grid-cell \" ><div class=\"panel-widget-style\" ><p><span style=\"font-size: 10pt;\"><strong>Lis\u00e4varusteet<\/strong><\/span><\/p><p><span style=\"font-size: 10pt;\">Valikoimissamme on my\u00f6s runsaasti lis\u00e4varusteita, jotka helpottavat laitteiden asennusta, k\u00e4ytt\u00f6\u00e4, huoltoa ja puhdistusta. <br \/><\/span><\/p><p><span style=\"font-size: 10pt;\">\u2022 s\u00e4\u00e4dett\u00e4v\u00e4t jalat<\/span><br \/><span style=\"font-size: 10pt;\">\u2022 t\u00e4rin\u00e4nvaimentimet<\/span><br \/><span style=\"font-size: 10pt;\">\u2022 ilmanohjaimet kasvattamaan heittopituutta<\/span><br \/><span style=\"font-size: 10pt;\">\u2022 diffuusori: \u00e4\u00e4nenvaimennin<\/span><br \/><span style=\"font-size: 10pt;\">\u2022 avattavat puhaltimet<\/span><br \/><span style=\"font-size: 10pt;\">\u2022 vesisuutinj\u00e4rjestelm\u00e4<\/span><br \/><span style=\"font-size: 10pt;\">\u2022 optimoidut s\u00e4\u00e4t\u00f6laitteet puhallinohjaukseen<\/span><\/p><\/div><\/div><\/div><\/div>","protected":false},"excerpt":{"rendered":"<p>CoolLine-nestej\u00e4\u00e4hdyttimet ja -lauhduttimet edustavat alan kovinta k\u00e4rke\u00e4. Ne soveltuvat sek\u00e4 kaupan ett\u00e4 teollisuuden j\u00e4rjestelmiin sek\u00e4 erilaisten ja erikokoisten rakennusten j\u00e4\u00e4hdytt\u00e4miseen. Suunnittelemme ja mitoitamme nestej\u00e4\u00e4hdytinratkaisut aina asiakkaan tarpeiden ja toiveiden mukaan kohteen k\u00e4ytt\u00f6tavat ja tilaratkaisut huomioiden. T\u00e4ll\u00f6in p\u00e4\u00e4st\u00e4\u00e4n mahdollisimman toimivaan ja kustannustehokkaaseen lopputulokseen ja v\u00e4ltyt\u00e4\u00e4n v\u00e4\u00e4rien laitevalintojen aiheuttamilta ongelmilta.<\/p>\n","protected":false},"author":1,"featured_media":0,"parent":23,"menu_order":0,"comment_status":"closed","ping_status":"closed","template":"","meta":[],"categories":[],"tags":[],"_links":{"self":[{"href":"https:\/\/www.cooltrade.fi\/index.php\/wp-json\/wp\/v2\/pages\/29"}],"collection":[{"href":"https:\/\/www.cooltrade.fi\/index.php\/wp-json\/wp\/v2\/pages"}],"about":[{"href":"https:\/\/www.cooltrade.fi\/index.php\/wp-json\/wp\/v2\/types\/page"}],"author":[{"embeddable":true,"href":"https:\/\/www.cooltrade.fi\/index.php\/wp-json\/wp\/v2\/users\/1"}],"replies":[{"embeddable":true,"href":"https:\/\/www.cooltrade.fi\/index.php\/wp-json\/wp\/v2\/comments?post=29"}],"version-history":[{"count":13,"href":"https:\/\/www.cooltrade.fi\/index.php\/wp-json\/wp\/v2\/pages\/29\/revisions"}],"predecessor-version":[{"id":544,"href":"https:\/\/www.cooltrade.fi\/index.php\/wp-json\/wp\/v2\/pages\/29\/revisions\/544"}],"up":[{"embeddable":true,"href":"https:\/\/www.cooltrade.fi\/index.php\/wp-json\/wp\/v2\/pages\/23"}],"wp:attachment":[{"href":"https:\/\/www.cooltrade.fi\/index.php\/wp-json\/wp\/v2\/media?parent=29"}],"wp:term":[{"taxonomy":"category","embeddable":true,"href":"https:\/\/www.cooltrade.fi\/index.php\/wp-json\/wp\/v2\/categories?post=29"},{"taxonomy":"post_tag","embeddable":true,"href":"https:\/\/www.cooltrade.fi\/index.php\/wp-json\/wp\/v2\/tags?post=29"}],"curies":[{"name":"wp","href":"https:\/\/api.w.org\/{rel}","templated":true}]}}