{"id":17,"date":"2017-04-10T12:01:55","date_gmt":"2017-04-10T12:01:55","guid":{"rendered":"http:\/\/cooltrade.planeetta.com\/?page_id=17"},"modified":"2020-09-14T11:46:48","modified_gmt":"2020-09-14T08:46:48","slug":"etusivu","status":"publish","type":"page","link":"https:\/\/www.cooltrade.fi\/","title":{"rendered":"Etusivu"},"content":{"rendered":"<div id=\"pg-17-0\"  class=\"panel-grid nosto\" ><div class=\"panel-grid-core\"><div id=\"pgc-17-0-0\"  class=\"panel-grid-cell \" ><div class=\"panel-widget-style\" style=\"background: url(&quot;https:\/\/uusi.cooltrade.fi\/wp-content\/uploads\/tausta777777.png&quot;) !important; background-position: left top !important; background-repeat: repeat !important; background-size: auto !important; background-attachment: scroll !important; text-align: center !important; padding-top: 20px !important; padding-bottom: 20px !important; padding-left: 5px !important; padding-right: 5px !important; margin-left: 2px !important; margin-right: 2px !important;\" >\t\t\t<div class=\"textwidget\"><p><img loading=\"lazy\" class=\"alignnone size-full wp-image-282 aligncenter\" src=\"https:\/\/www.cooltrade.fi\/wp-content\/uploads\/2018\/01\/Ikoni_lumihiutale.png\" alt=\"\" width=\"100\" height=\"100\" \/><\/p>\n<p style=\"text-align: center;\"><a href=\"https:\/\/www.cooltrade.fi\/index.php\/coolline-tuotteet\/coolline-nestejaahdyttimet-ja-lauhduttimet\/\">NESTEJ\u00c4\u00c4HDYTTIMET JA LAUHDUTTIMET<\/a><\/p>\n<\/div>\n\t\t<\/div><\/div><div id=\"pgc-17-0-1\"  class=\"panel-grid-cell  \" ><div class=\"panel-widget-style\" style=\"background: url(&quot;https:\/\/uusi.cooltrade.fi\/wp-content\/uploads\/tausta777777.png&quot;) !important; background-position: left top !important; background-repeat: repeat !important; background-size: auto !important; background-attachment: scroll !important; text-align: center !important; padding-top: 20px !important; padding-bottom: 20px !important; padding-left: 5px !important; padding-right: 5px !important; margin-left: 2px !important; margin-right: 2px !important;\" >\t\t\t<div class=\"textwidget\"><p><img loading=\"lazy\" class=\"alignnone size-full wp-image-258 aligncenter\" src=\"https:\/\/www.cooltrade.fi\/wp-content\/uploads\/2017\/12\/Ikoni_propelli.png\" alt=\"\" width=\"100\" height=\"100\" \/><\/p>\n<p style=\"text-align: center;\"><a href=\"https:\/\/www.cooltrade.fi\/index.php\/coolline-tuotteet\/coolline-hoyrystimet-ja-ilmanjaahdyttimet\/\">H\u00d6YRYSTIMET JA ILMANJ\u00c4\u00c4HDYTTIMET<\/a><\/p>\n<\/div>\n\t\t<\/div><\/div><div id=\"pgc-17-0-2\"  class=\"panel-grid-cell  \" ><div class=\"panel-widget-style\" style=\"background: url(&quot;https:\/\/uusi.cooltrade.fi\/wp-content\/uploads\/tausta777777.png&quot;) !important; background-position: left top !important; background-repeat: repeat !important; background-size: auto !important; background-attachment: scroll !important; text-align: center !important; padding-top: 20px !important; padding-bottom: 20px !important; padding-left: 5px !important; padding-right: 5px !important; margin-left: 2px !important; margin-right: 2px !important;\" >\t\t\t<div class=\"textwidget\"><p><img loading=\"lazy\" class=\"alignnone size-full wp-image-447 aligncenter\" src=\"https:\/\/www.cooltrade.fi\/wp-content\/uploads\/Ikoni_levylammonvaihdin.png\" alt=\"\" width=\"100\" height=\"100\" \/><\/p>\n<p style=\"text-align: center;\"><a href=\"https:\/\/www.cooltrade.fi\/index.php\/coolline-tuotteet\/levylammonvaihtimet\/\">LEVYL\u00c4MM\u00d6N-<br \/>\n<\/a><a href=\"https:\/\/www.cooltrade.fi\/index.php\/coolline-tuotteet\/levylammonvaihtimet\/\">VAIHTIMET<\/a><\/p>\n<\/div>\n\t\t<\/div><\/div><div id=\"pgc-17-0-3\"  class=\"panel-grid-cell \" ><div class=\"panel-widget-style\" style=\"background: url(&quot;https:\/\/uusi.cooltrade.fi\/wp-content\/uploads\/tausta777777.png&quot;) !important; background-position: left top !important; background-repeat: repeat !important; background-size: auto !important; background-attachment: scroll !important; text-align: center !important; padding-top: 20px !important; padding-bottom: 20px !important; padding-left: 5px !important; padding-right: 5px !important; margin-left: 2px !important; margin-right: 2px !important;\" >\t\t\t<div class=\"textwidget\"><p><img loading=\"lazy\" class=\"wp-image-251 size-full aligncenter\" src=\"https:\/\/www.cooltrade.fi\/wp-content\/uploads\/2017\/12\/Lamellit.png\" alt=\"\" width=\"100\" height=\"100\" \/><\/p>\n<p style=\"text-align: center;\"><a href=\"https:\/\/www.cooltrade.fi\/index.php\/coolline-tuotteet\/coolline-muut-lamellituotteet\/\">MUUT<br \/>\nLAMELLITUOTTEET<\/a><\/p>\n<\/div>\n\t\t<\/div><\/div><div id=\"pgc-17-0-4\"  class=\"panel-grid-cell \" ><div class=\"panel-widget-style\" style=\"background: url(&quot;https:\/\/uusi.cooltrade.fi\/wp-content\/uploads\/tausta777777.png&quot;) !important; background-position: left top !important; background-repeat: repeat !important; background-size: auto !important; background-attachment: scroll !important; text-align: center !important; padding-top: 20px !important; padding-bottom: 20px !important; padding-left: 5px !important; padding-right: 5px !important; margin-left: 2px !important; margin-right: 2px !important;\" >\t\t\t<div class=\"textwidget\"><p><img loading=\"lazy\" class=\"size-full wp-image-250 aligncenter\" src=\"https:\/\/www.cooltrade.fi\/wp-content\/uploads\/2017\/12\/Plussa.png\" alt=\"\" width=\"100\" height=\"100\" \/><\/p>\n<p style=\"text-align: center;\"><a href=\"https:\/\/www.cooltrade.fi\/index.php\/coolline-tuotteet\/coolline-oheistuotteetlisavarusteet\/\">OHEISTUOTTEET JA LIS\u00c4VARUSTEET<\/a><\/p>\n<\/div>\n\t\t<\/div><\/div><\/div><\/div><div id=\"pg-17-1\"  class=\"panel-grid nosto\" ><div class=\"panel-grid-core\"><div id=\"pgc-17-1-0\"  class=\"panel-grid-cell \" ><div class=\"panel-widget-style\" style=\"background: url(&quot;false&quot;) !important; background-position: left top !important; background-repeat: repeat !important; background-size: auto !important; background-attachment: scroll !important;\" ><h2 style=\"font-style: normal;\"><span>Tervetuloa asiakkaaksemme!<\/span><\/h2><\/div><div class=\"panel-widget-style\" >\t\t\t<div class=\"textwidget\"><p>Cooltrade on vuonna 1994 perustettu suomalainen yritys. Myymme, markkinoimme ja kehit\u00e4mme l\u00e4mm\u00f6nsiirtimi\u00e4 kaupan ja teollisuuden tarpeisiin. Toimintamme perusarvoja ovat asiakasl\u00e4ht\u00f6isyys, ymp\u00e4rist\u00f6n huomioiminen sek\u00e4 toimitustemme luotettavuus.<\/p>\n<p>Kerro meille tarpeesi, ja me valitsemme kanssasi kohteeseesi sopivimman, laadukkaan sek\u00e4 kustannustehokkaan CoolLine-tuotteen. CoolLine-tuotteet valmistetaan yhteisty\u00f6ss\u00e4 huolella valittujen suomalaisten ja ulkomaalaisten laitevalmistajien kanssa.<\/p>\n<p><a href=\"https:\/\/uusi.cooltrade.fi\/index.php\/kokonaisratkaisu\/\">Lue lis\u00e4\u00e4&#8230;<\/a><\/p>\n<\/div>\n\t\t<\/div><\/div><div id=\"pgc-17-1-1\"  class=\"panel-grid-cell  \" ><div class=\"panel-widget-style\" ><p><img src=\"https:\/\/www.cooltrade.fi\/wp-content\/uploads\/2017\/12\/iStock-527045000.jpg\" alt=\"\" \/ ><\/p><\/div><\/div><\/div><\/div><div id=\"pg-17-2\"  class=\"panel-grid nosto\" ><div class=\"panel-grid-core\"><div id=\"pgc-17-2-0\"  class=\"panel-grid-cell \" ><div class=\"panel-widget-style\" style=\"background: url(&quot;false&quot;) !important; background-position: left top !important; background-repeat: repeat !important; background-size: auto !important; background-attachment: scroll !important;\" ><h2 style=\"font-style: normal;\"><span>Kuulumisia meilt\u00e4 ja muualta<\/span><\/h2><\/div><div class=\"panel-widget-style\" style=\"background: url(&quot;false&quot;) !important; background-position: left top !important; background-repeat: repeat !important; background-size: auto !important; background-attachment: scroll !important;\" ><h4>Kylm\u00e4Extra, 15.5.2020<\/h4><h3>Kylm\u00e4laitteet huollettava koronakev\u00e4\u00e4st\u00e4 huolimatta<\/h3><p>Vaikka kulunut kev\u00e4t on ollut koronaepidemian vuoksi hyvin poikkeuksellinen, on kylm\u00e4laitteet huollettava, ja vastuu huolloista on laitteen omistajalla jo lainkin nojalla. <a href=\"https:\/\/www.kylmaextra.fi\/tiedotteet\/ajankohtaista\/kylmalaitteet_huollettava_koronakevaasta_huolimatta\" target=\"_blank\" rel=\"noopener\">Lue lis\u00e4\u00e4...<\/a><\/p><hr \/><h4>Kylm\u00e4Extra 1\/2020, 30.4.2020<\/h4><h3>Ilmastotavoitteiden kiristyminen vaikuttaa eniten<\/h3><p>Ilmastop\u00e4\u00e4st\u00f6jen v\u00e4hent\u00e4miseen t\u00e4ht\u00e4\u00e4v\u00e4 s\u00e4\u00e4ntely tuo isoja muutoksia my\u00f6s kylm\u00e4alalle. Millaiset teknologiat ja yritykset menestyv\u00e4t alkaneella vuosikymmenell\u00e4? <a href=\"https:\/\/www.kylmaextra.fi\/lehdet\/kylmaextra_1_2020\/ilmastotavoitteiden_kiristyminen_vaikuttaa_eniten\" target=\"_blank\" rel=\"noopener\">Lue lis\u00e4\u00e4...<\/a><\/p><\/div><\/div><\/div><\/div><div id=\"pg-17-3\"  class=\"panel-grid nosto\" ><div class=\"panel-grid-core\"><div id=\"pgc-17-3-0\"  class=\"panel-grid-cell \" ><div class=\"panel-widget-style\" >\n<div class=\"rslides-sc\" data-height=\"299\">\n<div class=\"rslides-container\">\n<div class=\"rslides-inner\">\n\t<ul class=\"slides\">\n\t\t\t\t<li>\n\t<img src=\"https:\/\/www.cooltrade.fi\/wp-content\/themes\/Ryan_Pro\/images\/transparent.png\" style=\"background: url(https:\/\/www.cooltrade.fi\/wp-content\/uploads\/2017\/12\/CoolLine-nestejaahdytin-Vantaan-Energia-2-300x225.jpg) no-repeat center; background-size: cover;\" alt=\"Demo Image\" \/>\n\t<\/li>\n\t\t\t\t<li>\n\t<img src=\"https:\/\/www.cooltrade.fi\/wp-content\/themes\/Ryan_Pro\/images\/transparent.png\" style=\"background: url(https:\/\/www.cooltrade.fi\/wp-content\/uploads\/2017\/12\/170719-Cuvaya-Cooltrade-SOK-0064-300x200.jpg) no-repeat center; background-size: cover;\" alt=\"Demo Image\" \/>\n\t<\/li>\n\t\t<\/ul>\n<\/div>\n<\/div>\n<\/div><\/div><\/div><div id=\"pgc-17-3-1\"  class=\"panel-grid-cell  \" ><div class=\"panel-widget-style\" ><h2 style=\"font-style: normal;\"><span>Tutustu referensseihimme<\/span><\/h2><\/div><div class=\"panel-widget-style\" style=\"background: url(&quot;false&quot;) !important; background-position: left top !important; background-repeat: repeat !important; background-size: auto !important; background-attachment: scroll !important;\" >\t\t\t<div class=\"textwidget\"><p>Vuosien saatossa meille on kertynyt runsaasti kokemusta ja lukuisia erilaisia referenssikohteita.<\/p>\n<p><a href=\"https:\/\/uusi.cooltrade.fi\/index.php\/referenssit\/\">Tutustu referenssikohteisiimme&#8230;<\/a><\/p>\n<\/div>\n\t\t<\/div><\/div><\/div><\/div><div id=\"pg-17-4\"  class=\"panel-grid nosto\" ><div class=\"panel-grid-core\"><div id=\"pgc-17-4-0\"  class=\"panel-grid-cell \" ><div class=\"panel-widget-style\" style=\"margin-bottom: 25px !important;\" ><div class=\"thinkupslider-sc style1 full-width\" data-height=\"302\" data-wide=\"on\"><div id=\"thinkupshortcodesthinkup_builder_thinkupslider\" class=\"thinkupslider-sc-core\"><div class=\"rslides-container\" data-speed=\"6000\"><div class=\"rslides-inner page-inner\"><ul class=\"slides\"><li><img src=\"https:\/\/www.cooltrade.fi\/wp-content\/themes\/Ryan_Pro\/images\/transparent.png\" style=\"background: url(https:\/\/www.cooltrade.fi\/wp-content\/uploads\/2017\/12\/ymparistokuva_rajattu-300x112.jpg) no-repeat center; background-size: cover;\" alt=\"Ymp\u00e4rist\u00f6vastuu\" \/><div class=\"rslides-content\"><div class=\"wrap-safari\"><div class=\"rslides-content-inner\"><div class=\"featured\"><div class=\"featured-title\"><span>Ymp\u00e4rist\u00f6vastuu<\/span><\/div><div class=\"featured-excerpt\"><p><span>Huomioimme kaikessa toiminnassamme ymp\u00e4rist\u00f6vaikutusten hallinnan ja v\u00e4hent\u00e4misen.<\/span><\/p>\n<\/div><div class=\"featured-link\"><a href=\"https:\/\/uusi.cooltrade.fi\/index.php\/sample-page\/\"><span>Lue lis\u00e4\u00e4...<\/span><\/a><\/div><\/div><\/div><\/div><\/div><\/li><\/ul><\/div><\/div><\/div><\/div><\/div><\/div><\/div><\/div>","protected":false},"excerpt":{"rendered":"<p>NESTEJ\u00c4\u00c4HDYTTIMET JA LAUHDUTTIMET H\u00d6YRYSTIMET JA ILMANJ\u00c4\u00c4HDYTTIMET LEVYL\u00c4MM\u00d6N- VAIHTIMET MUUT LAMELLITUOTTEET OHEISTUOTTEET JA LIS\u00c4VARUSTEET Cooltrade on vuonna 1994 perustettu suomalainen yritys. Myymme, markkinoimme ja kehit\u00e4mme l\u00e4mm\u00f6nsiirtimi\u00e4 kaupan ja teollisuuden tarpeisiin. Toimintamme perusarvoja ovat asiakasl\u00e4ht\u00f6isyys, ymp\u00e4rist\u00f6n huomioiminen sek\u00e4 toimitustemme luotettavuus. Kerro meille tarpeesi, ja me valitsemme kanssasi kohteeseesi sopivimman, laadukkaan sek\u00e4 kustannustehokkaan CoolLine-tuotteen. CoolLine-tuotteet valmistetaan yhteisty\u00f6ss\u00e4 huolella&hellip;<\/p>\n<p class=\"more-link\"><a href=\"https:\/\/www.cooltrade.fi\/\" class=\"themebutton3\">Read More<\/a><\/p>\n","protected":false},"author":1,"featured_media":0,"parent":0,"menu_order":0,"comment_status":"closed","ping_status":"closed","template":"","meta":[],"categories":[],"tags":[],"_links":{"self":[{"href":"https:\/\/www.cooltrade.fi\/index.php\/wp-json\/wp\/v2\/pages\/17"}],"collection":[{"href":"https:\/\/www.cooltrade.fi\/index.php\/wp-json\/wp\/v2\/pages"}],"about":[{"href":"https:\/\/www.cooltrade.fi\/index.php\/wp-json\/wp\/v2\/types\/page"}],"author":[{"embeddable":true,"href":"https:\/\/www.cooltrade.fi\/index.php\/wp-json\/wp\/v2\/users\/1"}],"replies":[{"embeddable":true,"href":"https:\/\/www.cooltrade.fi\/index.php\/wp-json\/wp\/v2\/comments?post=17"}],"version-history":[{"count":146,"href":"https:\/\/www.cooltrade.fi\/index.php\/wp-json\/wp\/v2\/pages\/17\/revisions"}],"predecessor-version":[{"id":570,"href":"https:\/\/www.cooltrade.fi\/index.php\/wp-json\/wp\/v2\/pages\/17\/revisions\/570"}],"wp:attachment":[{"href":"https:\/\/www.cooltrade.fi\/index.php\/wp-json\/wp\/v2\/media?parent=17"}],"wp:term":[{"taxonomy":"category","embeddable":true,"href":"https:\/\/www.cooltrade.fi\/index.php\/wp-json\/wp\/v2\/categories?post=17"},{"taxonomy":"post_tag","embeddable":true,"href":"https:\/\/www.cooltrade.fi\/index.php\/wp-json\/wp\/v2\/tags?post=17"}],"curies":[{"name":"wp","href":"https:\/\/api.w.org\/{rel}","templated":true}]}}