{"id":150,"date":"2017-10-16T07:27:06","date_gmt":"2017-10-16T07:27:06","guid":{"rendered":"http:\/\/cooltrade.planeetta.com\/?page_id=150"},"modified":"2017-10-16T07:27:06","modified_gmt":"2017-10-16T07:27:06","slug":"kokonaisratkaisu","status":"publish","type":"page","link":"https:\/\/www.cooltrade.fi\/index.php\/kokonaisratkaisu\/","title":{"rendered":"Kokonaisratkaisu"},"content":{"rendered":"<div id=\"pg-150-0\"  class=\"panel-grid\" ><div class=\"panel-grid-core\"><div id=\"pgc-150-0-0\"  class=\"panel-grid-cell \" ><div class=\"panel-widget-style\" ><h3>Tavoitteenamme on yhteisty\u00f6ss\u00e4 kotimaisten ja kansainv\u00e4listen kumppaneidemme kanssa l\u00f6yt\u00e4\u00e4 aina asiakkaallemme paras mahdollinen ratkaisu.<\/h3><h2>Innovatiivisesti<\/h2><p>Oman pitk\u00e4j\u00e4nteisen tuotekehityksemme tuloksena syntyneet CoolLine\u00ae-tuotteet edustavat uuden sukupolven l\u00e4mm\u00f6nsiirtimi\u00e4.<\/p><h2>Laadukkaasti ja varmasti<\/h2><p>CoolLine-tuotteita valmistavat johtavat kotimaiset ja eurooppalaiset lamellil\u00e4mm\u00f6nsiirrinvalmistajat, mik\u00e4 takaa niiden toimitusvarmuuden, ymp\u00e4rist\u00f6yst\u00e4v\u00e4llisyyden sek\u00e4 korkean teknisen laadun.<\/p><h2>Asiakasl\u00e4ht\u00f6isesti<\/h2><p>Tuotteemme suunnitellaan aina asiakasl\u00e4ht\u00f6isesti, ja ne vastaavat vaativimpiakin tarpeita ja laatuj\u00e4rjestelmi\u00e4 sek\u00e4 iranomaisten energiantehokkuudelle ja elintarvikehygienialle asettamiin vaatimuksia.<\/p><\/div><\/div><div id=\"pgc-150-0-1\"  class=\"panel-grid-cell\" ><div class=\"panel-widget-style\" ><p><img src=\"https:\/\/www.cooltrade.fi\/wp-includes\/images\/media\/default.png\" alt=\"\" \/ ><\/p><\/div><\/div><\/div><\/div>","protected":false},"excerpt":{"rendered":"<p>Tavoitteenamme on yhteisty\u00f6ss\u00e4 kotimaisten ja kansainv\u00e4listen kumppaneidemme kanssa l\u00f6yt\u00e4\u00e4 aina asiakkaallemme paras mahdollinen ratkaisu.InnovatiivisestiOman pitk\u00e4j\u00e4nteisen tuotekehityksemme tuloksena syntyneet CoolLine\u00ae-tuotteet edustavat uuden sukupolven l\u00e4mm\u00f6nsiirtimi\u00e4.Laadukkaasti ja varmastiCoolLine-tuotteita valmistavat johtavat kotimaiset ja eurooppalaiset lamellil\u00e4mm\u00f6nsiirrinvalmistajat, mik\u00e4 takaa niiden toimitusvarmuuden, ymp\u00e4rist\u00f6yst\u00e4v\u00e4llisyyden sek\u00e4 korkean teknisen laadun.Asiakasl\u00e4ht\u00f6isestiTuotteemme suunnitellaan aina asiakasl\u00e4ht\u00f6isesti, ja ne vastaavat vaativimpiakin tarpeita ja laatuj\u00e4rjestelmi\u00e4 sek\u00e4 iranomaisten energiantehokkuudelle ja elintarvikehygienialle&hellip;<\/p>\n<p class=\"more-link\"><a href=\"https:\/\/www.cooltrade.fi\/index.php\/kokonaisratkaisu\/\" class=\"themebutton3\">Read More<\/a><\/p>\n","protected":false},"author":1,"featured_media":0,"parent":0,"menu_order":0,"comment_status":"closed","ping_status":"closed","template":"","meta":[],"categories":[],"tags":[],"_links":{"self":[{"href":"https:\/\/www.cooltrade.fi\/index.php\/wp-json\/wp\/v2\/pages\/150"}],"collection":[{"href":"https:\/\/www.cooltrade.fi\/index.php\/wp-json\/wp\/v2\/pages"}],"about":[{"href":"https:\/\/www.cooltrade.fi\/index.php\/wp-json\/wp\/v2\/types\/page"}],"author":[{"embeddable":true,"href":"https:\/\/www.cooltrade.fi\/index.php\/wp-json\/wp\/v2\/users\/1"}],"replies":[{"embeddable":true,"href":"https:\/\/www.cooltrade.fi\/index.php\/wp-json\/wp\/v2\/comments?post=150"}],"version-history":[{"count":0,"href":"https:\/\/www.cooltrade.fi\/index.php\/wp-json\/wp\/v2\/pages\/150\/revisions"}],"wp:attachment":[{"href":"https:\/\/www.cooltrade.fi\/index.php\/wp-json\/wp\/v2\/media?parent=150"}],"wp:term":[{"taxonomy":"category","embeddable":true,"href":"https:\/\/www.cooltrade.fi\/index.php\/wp-json\/wp\/v2\/categories?post=150"},{"taxonomy":"post_tag","embeddable":true,"href":"https:\/\/www.cooltrade.fi\/index.php\/wp-json\/wp\/v2\/tags?post=150"}],"curies":[{"name":"wp","href":"https:\/\/api.w.org\/{rel}","templated":true}]}}